{"id":10,"date":"2019-12-05T13:47:16","date_gmt":"2019-12-05T16:47:16","guid":{"rendered":"https:\/\/carmelhoteis.com.br\/carmel?page_id=10"},"modified":"2025-03-22T01:11:58","modified_gmt":"2025-03-22T04:11:58","slug":"quem-somos","status":"publish","type":"page","link":"https:\/\/carmelhoteis.com.br\/carmelcumbuco\/quem-somos\/","title":{"rendered":"Quem Somos"},"content":{"rendered":"\r\n<p>O Carmel Cumbuco Resort surge com a promessa de fazer voc\u00ea se sentir em casa, proporcionando um sofisticado\u00a0ambiente em que o sentimento de liberdade se faz presente com os p\u00e9s na areia e a brisa no rosto. Localizado a aproximadamente 30 km de Fortaleza, na praia do Cumbuco, mundialmente conhecida pelos ventos favor\u00e1veis para a pr\u00e1tica de kite e windsurf, o resort oferece SPA Carmel by Caudalie Paris com salas de massagens, lobby bar, jacuzzis, sauna seca e a vapor, piscinas t\u00e9rmicas e infantil, fitness center, quadra de v\u00f4lei de praia, beach lounge, restaurante, brinquedoteca, estacionamento, entre outras comodidades.<\/p>\r\n\r\n\r\n\r\n<p>S\u00e3o 88 encantadoras su\u00edtes com varanda, todas com uma incr\u00edvel vista para o mar e para a piscina. As acomoda\u00e7\u00f5es s\u00e3o equipadas com TV LED 42 Full HD com canais por assinatura, frigobar retr\u00f4, m\u00e1quina de caf\u00e9 expresso, ar condicionado, telefone com linha direta, secador de cabelo, cofre eletr\u00f4nico e internet wi-fi.<\/p>\r\n\r\n\r\n\r\n<p>Sabendo que a praia do Cumbuco \u00e9 famosa por acolher diversos esportes n\u00e1uticos, como kite e winfsurf, o resort disponibiliza tamb\u00e9m uma guarderia para equipamentos, al\u00e9m de voltar seus servi\u00e7os para atender sempre as necessidades dos apreciadores e praticantes desses esportes.<\/p>\r\n\r\n\r\n\r\n<p>Privilegiado pela diversidade ecol\u00f3gica do local, por meio de imensas dunas, lagoas e vegeta\u00e7\u00e3o nativa, a regi\u00e3o oferece in\u00fameras atividades de lazer: surf, kitesurf, windsurf, sandboard, stand up paddle, skibunda, passeio de buggy, passeio de jangada, passeio a cavalo, quadriciclo, banana-boat, jet ski, entre outras op\u00e7\u00f5es.<\/p>\r\n\r\n\r\n\r\n<p>Liberdade, descontra\u00e7\u00e3o e sofistica\u00e7\u00e3o\u00a0definem o que \u00e9 estar no Carmel Cumbuco Resort.<\/p>\r\n","protected":false},"excerpt":{"rendered":"<p>O Carmel Cumbuco Resort surge com a promessa de fazer voc\u00ea se sentir em casa, proporcionando um sofisticado\u00a0ambiente em que o sentimento de liberdade se faz presente com os p\u00e9s na areia e a brisa no rosto. Localizado a aproximadamente 30 km de Fortaleza, na praia do Cumbuco, mundialmente conhecida pelos ventos favor\u00e1veis para a [&hellip;]<\/p>\n","protected":false},"author":1,"featured_media":0,"parent":0,"menu_order":0,"comment_status":"closed","ping_status":"closed","template":"","meta":{"_acf_changed":false,"footnotes":""},"class_list":["post-10","page","type-page","status-publish","hentry"],"acf":[],"yoast_head":"<!-- This site is optimized with the Yoast SEO plugin v26.9 - https:\/\/yoast.com\/product\/yoast-seo-wordpress\/ -->\n<title>Quem Somos - Carmel Cumbuco<\/title>\n<meta name=\"robots\" content=\"index, follow, max-snippet:-1, max-image-preview:large, max-video-preview:-1\" \/>\n<link rel=\"canonical\" href=\"https:\/\/carmelhoteis.com.br\/carmelcumbuco\/quem-somos\/\" \/>\n<meta property=\"og:locale\" content=\"pt_BR\" \/>\n<meta property=\"og:type\" content=\"article\" \/>\n<meta property=\"og:title\" content=\"Quem Somos - Carmel Cumbuco\" \/>\n<meta property=\"og:description\" content=\"O Carmel Cumbuco Resort surge com a promessa de fazer voc\u00ea se sentir em casa, proporcionando um sofisticado\u00a0ambiente em que o sentimento de liberdade se faz presente com os p\u00e9s na areia e a brisa no rosto. Localizado a aproximadamente 30 km de Fortaleza, na praia do Cumbuco, mundialmente conhecida pelos ventos favor\u00e1veis para a [&hellip;]\" \/>\n<meta property=\"og:url\" content=\"https:\/\/carmelhoteis.com.br\/carmelcumbuco\/quem-somos\/\" \/>\n<meta property=\"og:site_name\" content=\"Carmel Cumbuco\" \/>\n<meta property=\"article:modified_time\" content=\"2025-03-22T04:11:58+00:00\" \/>\n<meta name=\"twitter:card\" content=\"summary_large_image\" \/>\n<meta name=\"twitter:label1\" content=\"Est. tempo de leitura\" \/>\n\t<meta name=\"twitter:data1\" content=\"2 minutos\" \/>\n<script type=\"application\/ld+json\" class=\"yoast-schema-graph\">{\"@context\":\"https:\/\/schema.org\",\"@graph\":[{\"@type\":\"WebPage\",\"@id\":\"https:\/\/carmelhoteis.com.br\/carmelcumbuco\/quem-somos\/\",\"url\":\"https:\/\/carmelhoteis.com.br\/carmelcumbuco\/quem-somos\/\",\"name\":\"Quem Somos - Carmel Cumbuco\",\"isPartOf\":{\"@id\":\"https:\/\/carmelhoteis.com.br\/carmelcumbuco\/#website\"},\"datePublished\":\"2019-12-05T16:47:16+00:00\",\"dateModified\":\"2025-03-22T04:11:58+00:00\",\"breadcrumb\":{\"@id\":\"https:\/\/carmelhoteis.com.br\/carmelcumbuco\/quem-somos\/#breadcrumb\"},\"inLanguage\":\"pt-BR\",\"potentialAction\":[{\"@type\":\"ReadAction\",\"target\":[\"https:\/\/carmelhoteis.com.br\/carmelcumbuco\/quem-somos\/\"]}]},{\"@type\":\"BreadcrumbList\",\"@id\":\"https:\/\/carmelhoteis.com.br\/carmelcumbuco\/quem-somos\/#breadcrumb\",\"itemListElement\":[{\"@type\":\"ListItem\",\"position\":1,\"name\":\"In\u00edcio\",\"item\":\"https:\/\/carmelhoteis.com.br\/carmelcumbuco\/\"},{\"@type\":\"ListItem\",\"position\":2,\"name\":\"Quem Somos\"}]},{\"@type\":\"WebSite\",\"@id\":\"https:\/\/carmelhoteis.com.br\/carmelcumbuco\/#website\",\"url\":\"https:\/\/carmelhoteis.com.br\/carmelcumbuco\/\",\"name\":\"Carmel Cumbuco\",\"description\":\"S\u00f3 mais um site Carmel sites\",\"potentialAction\":[{\"@type\":\"SearchAction\",\"target\":{\"@type\":\"EntryPoint\",\"urlTemplate\":\"https:\/\/carmelhoteis.com.br\/carmelcumbuco\/?s={search_term_string}\"},\"query-input\":{\"@type\":\"PropertyValueSpecification\",\"valueRequired\":true,\"valueName\":\"search_term_string\"}}],\"inLanguage\":\"pt-BR\"}]}<\/script>\n<!-- \/ Yoast SEO plugin. -->","yoast_head_json":{"title":"Quem Somos - Carmel Cumbuco","robots":{"index":"index","follow":"follow","max-snippet":"max-snippet:-1","max-image-preview":"max-image-preview:large","max-video-preview":"max-video-preview:-1"},"canonical":"https:\/\/carmelhoteis.com.br\/carmelcumbuco\/quem-somos\/","og_locale":"pt_BR","og_type":"article","og_title":"Quem Somos - Carmel Cumbuco","og_description":"O Carmel Cumbuco Resort surge com a promessa de fazer voc\u00ea se sentir em casa, proporcionando um sofisticado\u00a0ambiente em que o sentimento de liberdade se faz presente com os p\u00e9s na areia e a brisa no rosto. Localizado a aproximadamente 30 km de Fortaleza, na praia do Cumbuco, mundialmente conhecida pelos ventos favor\u00e1veis para a [&hellip;]","og_url":"https:\/\/carmelhoteis.com.br\/carmelcumbuco\/quem-somos\/","og_site_name":"Carmel Cumbuco","article_modified_time":"2025-03-22T04:11:58+00:00","twitter_card":"summary_large_image","twitter_misc":{"Est. tempo de leitura":"2 minutos"},"schema":{"@context":"https:\/\/schema.org","@graph":[{"@type":"WebPage","@id":"https:\/\/carmelhoteis.com.br\/carmelcumbuco\/quem-somos\/","url":"https:\/\/carmelhoteis.com.br\/carmelcumbuco\/quem-somos\/","name":"Quem Somos - Carmel Cumbuco","isPartOf":{"@id":"https:\/\/carmelhoteis.com.br\/carmelcumbuco\/#website"},"datePublished":"2019-12-05T16:47:16+00:00","dateModified":"2025-03-22T04:11:58+00:00","breadcrumb":{"@id":"https:\/\/carmelhoteis.com.br\/carmelcumbuco\/quem-somos\/#breadcrumb"},"inLanguage":"pt-BR","potentialAction":[{"@type":"ReadAction","target":["https:\/\/carmelhoteis.com.br\/carmelcumbuco\/quem-somos\/"]}]},{"@type":"BreadcrumbList","@id":"https:\/\/carmelhoteis.com.br\/carmelcumbuco\/quem-somos\/#breadcrumb","itemListElement":[{"@type":"ListItem","position":1,"name":"In\u00edcio","item":"https:\/\/carmelhoteis.com.br\/carmelcumbuco\/"},{"@type":"ListItem","position":2,"name":"Quem Somos"}]},{"@type":"WebSite","@id":"https:\/\/carmelhoteis.com.br\/carmelcumbuco\/#website","url":"https:\/\/carmelhoteis.com.br\/carmelcumbuco\/","name":"Carmel Cumbuco","description":"S\u00f3 mais um site Carmel sites","potentialAction":[{"@type":"SearchAction","target":{"@type":"EntryPoint","urlTemplate":"https:\/\/carmelhoteis.com.br\/carmelcumbuco\/?s={search_term_string}"},"query-input":{"@type":"PropertyValueSpecification","valueRequired":true,"valueName":"search_term_string"}}],"inLanguage":"pt-BR"}]}},"_links":{"self":[{"href":"https:\/\/carmelhoteis.com.br\/carmelcumbuco\/wp-json\/wp\/v2\/pages\/10","targetHints":{"allow":["GET"]}}],"collection":[{"href":"https:\/\/carmelhoteis.com.br\/carmelcumbuco\/wp-json\/wp\/v2\/pages"}],"about":[{"href":"https:\/\/carmelhoteis.com.br\/carmelcumbuco\/wp-json\/wp\/v2\/types\/page"}],"author":[{"embeddable":true,"href":"https:\/\/carmelhoteis.com.br\/carmelcumbuco\/wp-json\/wp\/v2\/users\/1"}],"replies":[{"embeddable":true,"href":"https:\/\/carmelhoteis.com.br\/carmelcumbuco\/wp-json\/wp\/v2\/comments?post=10"}],"version-history":[{"count":40,"href":"https:\/\/carmelhoteis.com.br\/carmelcumbuco\/wp-json\/wp\/v2\/pages\/10\/revisions"}],"predecessor-version":[{"id":1893,"href":"https:\/\/carmelhoteis.com.br\/carmelcumbuco\/wp-json\/wp\/v2\/pages\/10\/revisions\/1893"}],"wp:attachment":[{"href":"https:\/\/carmelhoteis.com.br\/carmelcumbuco\/wp-json\/wp\/v2\/media?parent=10"}],"curies":[{"name":"wp","href":"https:\/\/api.w.org\/{rel}","templated":true}]}}